{"id":28,"date":"2016-01-21T10:02:19","date_gmt":"2016-01-21T09:02:19","guid":{"rendered":"http:\/\/www.etalagiste.be\/wordpress\/?page_id=28"},"modified":"2016-12-28T11:23:20","modified_gmt":"2016-12-28T10:23:20","slug":"page-1","status":"publish","type":"page","link":"https:\/\/www.etalagiste.be\/space-pharma\/page-1\/?lang=fr","title":{"rendered":"Accueil"},"content":{"rendered":"<p style=\"text-align: center;\"><img loading=\"lazy\" decoding=\"async\" class=\"size-full wp-image-493 aligncenter\" src=\"https:\/\/www.etalagiste.be\/space-pharma\/wp-content\/uploads\/2016\/01\/logo-spacepharma-240px.png\" alt=\"logo-spacepharma-240px\" width=\"230\" height=\"41\" \/><\/p>\n<p style=\"text-align: center;\"><strong><span style=\"font-family: verdana,geneva,sans-serif; font-size: 18pt; color: #e97715;\">UN NOUVEAU CONCEPT D&rsquo;ETALAGES POUR LES PHARMACIES<\/span><\/strong><\/p>\n<p>&nbsp;<\/p>\n<p><strong><span style=\"font-family: verdana,geneva,sans-serif; font-size: 18pt; color: #e97715;\">La soci\u00e9t\u00e9 S-PACE vous propose :<\/span><\/strong><br \/>\n<span style=\"font-family: verdana,geneva,sans-serif; font-size: 11pt;\"> d&rsquo;accueillir dans vos \u00e9talages, un voire plusieurs pr\u00e9sentoirs lumineux permanents, destin\u00e9s \u00e0 mettre en avant la communication visuelle des produits de dermopharmacie.<\/span><\/p>\n<p><strong><span style=\"font-family: verdana,geneva,sans-serif; font-size: 14pt; color: #e97715;\">Un service \u00e9talage complet (3 en 1)<\/span><\/strong><br \/>\n<span style=\"font-family: verdana,geneva,sans-serif; font-size: 11pt;\"> 1. Fabrication et mise en place des pr\u00e9sentoirs lumineux dans les vitrines des officines membres<\/span><br \/>\n<span style=\"font-family: verdana,geneva,sans-serif; font-size: 11pt;\"> 2. Planification mensuelle des \u00e9talages suivant les accords des officines avec les Laboratoires sponsors<\/span><br \/>\n<span style=\"font-family: verdana,geneva,sans-serif; font-size: 11pt;\"> 3. Placement des visuels dans les pr\u00e9sentoirs par notre service \u00e9talagiste<\/span><\/p>\n<p><span style=\"font-family: verdana,geneva,sans-serif; font-size: 11pt;\">Le service sponsoris\u00e9 par les Laboratoires pharmaceutiques est <span style=\"text-decoration: underline;\"><strong>gratuit pour les pharmaciens<\/strong><\/span>.<\/span><\/p>\n<p><span style=\"font-family: verdana,geneva,sans-serif; font-size: 11pt;\">La soci\u00e9t\u00e9 S-PACE vous propose en plus d&rsquo;acheter un visuel th\u00e8me au prix de 75\u20ac htva parmi les projets propos\u00e9s dans notre boutique.<br \/>\nCe prix comprend :<br \/>\n<\/span><\/p>\n<ul>\n<li><span style=\"font-family: verdana,geneva,sans-serif; font-size: 11pt;\">1 impression sur toile H 130 L 90 du visuel th\u00e8me choisi<\/span><\/li>\n<li><span style=\"font-family: verdana,geneva,sans-serif; font-size: 11pt;\">1 emplacement dans le lightbox H 160 L 90<\/span><\/li>\n<li><span style=\"font-family: verdana,geneva,sans-serif; font-size: 11pt;\">les frais de pose et de d\u00e9placement<\/span><\/li>\n<\/ul>\n<p>&nbsp;<\/p>\n<table>\n<tbody>\n<tr>\n<td><span style=\"font-family: verdana,geneva,sans-serif; font-size: 16pt;\"><strong><span style=\"font-family: verdana,geneva,sans-serif; color: #e97715;\">Je souhaite m\u2019inscrire pour recevoir un lightbox dans mon \u00e9talage ainsi que le premier visuel th\u00e8me gratuit de l\u2019offre.<br \/>\n<span style=\"font-size: 12pt;\"> <span style=\"text-decoration: underline;\"> Code promo \u00e0 actionner = \u00ab 0216 \u00bb.<\/span><\/span><\/span><\/strong><\/span><\/td>\n<\/tr>\n<tr>\n<td><span style=\"font-family: verdana,geneva,sans-serif; font-size: 11pt;\"><span style=\"color: #000000;\"><span style=\"font-family: verdana,geneva,sans-serif;\"><span style=\"font-family: verdana,geneva,sans-serif;\"><strong><span style=\"color: #179a38;\"><a style=\"color: #179a38;\" href=\"https:\/\/www.etalagiste.be\/space-pharma\/index.php\/mon-compte\/\">Je clique ici<\/a><\/span><\/strong> <\/span><\/span><\/span>pour m&rsquo;inscrire et pour profiter de l&rsquo;offre d&rsquo;inscription. Lisez les conditions d&rsquo;inscription <strong><a style=\"color: #179a38;\" href=\"https:\/\/www.etalagiste.be\/space-pharma\/index.php\/conditions-d-inscription\/\">en cliquant ici<\/a><\/strong><\/span>.<\/td>\n<\/tr>\n<\/tbody>\n<\/table>\n<p>&nbsp;<\/p>\n<p><span style=\"color: #000000; font-size: 12pt;\">OU<\/span><\/p>\n<table>\n<tbody>\n<tr style=\"height: 46px;\">\n<td style=\"height: 46px;\"><span style=\"font-family: verdana,geneva,sans-serif; font-size: 16pt;\"><span style=\"font-family: verdana,geneva,sans-serif; font-size: 16pt;\"><strong><span style=\"font-family: verdana,geneva,sans-serif; color: #e97715;\">J\u2019ai un lightbox \u00e0 ma disposition et je souhaite acheter 1 ou plusieurs visuels th\u00e8mes.<br \/>\n<span style=\"font-size: 12pt;\"> <span style=\"text-decoration: underline;\"> Offre automne &#8211; hiver 2016 : 1 kit d\u00e9co gratuit \u00e0 l&rsquo;achat d&rsquo;un visuel th\u00e8me de\u00a0la <\/span><\/span><\/span><\/strong><\/span><\/span><span style=\"font-family: verdana,geneva,sans-serif; font-size: 16pt;\"><strong><span style=\"font-family: verdana,geneva,sans-serif; color: #e97715;\"><span style=\"font-size: 12pt;\"><span style=\"text-decoration: underline;\"><strong><a style=\"color: #179a38;\" href=\"https:\/\/www.etalagiste.be\/space-pharma\/index.php\/categorie-produit\/collection-automne-hiver-2016\/?lang=fr\">collection automne &#8211; hiver 2016<\/a><\/strong>.<br \/>\nCode promo \u00e0 actionner = \u00ab 0916 \u00bb.<\/span><\/span><br \/>\n<\/span><\/strong> <\/span><\/td>\n<\/tr>\n<tr style=\"height: 21px;\">\n<td style=\"height: 21px;\"><span style=\"font-family: verdana,geneva,sans-serif; font-size: 11pt;\"><strong><span style=\"color: #179a38;\"><a style=\"color: #179a38;\" href=\"https:\/\/www.etalagiste.be\/space-pharma\/index.php\/boutique\/\">Je clique ici<\/a><\/span><\/strong> pour acc\u00e9der \u00e0 la Boutique de visuels.<\/span><\/td>\n<\/tr>\n<\/tbody>\n<\/table>\n<p>&nbsp;<\/p>\n<p><span style=\"color: #000000; font-size: 12pt;\">OU<\/span><\/p>\n<table>\n<tbody>\n<tr style=\"height: 46px;\">\n<td style=\"height: 46px;\"><span style=\"font-family: verdana,geneva,sans-serif; font-size: 16pt;\"><strong><span style=\"font-family: verdana,geneva,sans-serif; color: #e97715;\">NOUVEAU : J\u2019ai un lightbox \u00e0 ma disposition et je souhaite cr\u00e9er mon propre visuel th\u00e8me.<br \/>\n<\/span><\/strong><\/span><\/td>\n<\/tr>\n<tr style=\"height: 21px;\">\n<td style=\"height: 21px;\"><span style=\"font-family: verdana,geneva,sans-serif; font-size: 11pt;\"><span style=\"font-family: verdana,geneva,sans-serif; font-size: 11pt;\"><span style=\"font-family: verdana,geneva,sans-serif; font-size: 11pt;\"><span style=\"font-family: verdana,geneva,sans-serif; font-size: 11pt;\"><span style=\"font-family: verdana,geneva,sans-serif; font-size: 11pt;\">Contactez-nous :\u00a0<\/span><\/span><\/span><\/span><\/span><span style=\"font-family: verdana,geneva,sans-serif; font-size: 11pt;\"><span style=\"font-family: verdana,geneva,sans-serif; font-size: 11pt;\"><span style=\"font-family: verdana,geneva,sans-serif; font-size: 11pt;\"><span style=\"font-family: verdana,geneva,sans-serif; font-size: 11pt;\"><strong><span style=\"color: #179a38;\"><a style=\"color: #179a38;\" href=\"mailto:info@s-pacepharma.be?subject=Je souhaite cr\u00e9er mon propre th\u00e8me\">info@s-pacepharma.be<\/a><\/span><\/strong><\/span><\/span><\/span><\/span><\/td>\n<\/tr>\n<\/tbody>\n<\/table>\n<p><span style=\"font-family: verdana,geneva,sans-serif;\"><img loading=\"lazy\" decoding=\"async\" class=\"alignleft wp-image-629 size-full\" src=\"https:\/\/www.etalagiste.be\/space-pharma\/wp-content\/uploads\/2016\/08\/Etalage_accueil_FR.png\" width=\"338\" height=\"589\" srcset=\"https:\/\/www.etalagiste.be\/space-pharma\/wp-content\/uploads\/2016\/08\/Etalage_accueil_FR.png 338w, https:\/\/www.etalagiste.be\/space-pharma\/wp-content\/uploads\/2016\/08\/Etalage_accueil_FR-172x300.png 172w, https:\/\/www.etalagiste.be\/space-pharma\/wp-content\/uploads\/2016\/08\/Etalage_accueil_FR-269x468.png 269w\" sizes=\"auto, (max-width: 338px) 100vw, 338px\" \/><\/span><\/p>\n<p>&nbsp;<\/p>\n<ul style=\"list-style-type: circle;\">\n<li><span style=\"font-family: verdana,geneva,sans-serif; font-size: 11pt;\"><em>Cadre en aluminium (coloris blanc) avec \u00e9clairage LED basse consommation<\/em><\/span><\/li>\n<li><span style=\"font-family: verdana,geneva,sans-serif; font-size: 11pt;\"><em>Socle de base sur roulettes H30 ou plateau au choix suivant la hauteur de l\u2019\u00e9talage<\/em><\/span><\/li>\n<li><span style=\"font-family: verdana,geneva,sans-serif; font-size: 11pt;\"><em>Place pour 2 visuels textiles \u00e9cologiques sans pvc pour une visibilit\u00e9 recto \/ verso<\/em><\/span><\/li>\n<\/ul>\n<p>&nbsp;<\/p>\n<p>&nbsp;<\/p>\n<p>&nbsp;<\/p>\n<p>&nbsp;<\/p>\n<p><img loading=\"lazy\" decoding=\"async\" class=\"alignright size-full wp-image-376\" src=\"https:\/\/www.etalagiste.be\/space-pharma\/wp-content\/uploads\/2016\/01\/offre_fr_web.jpg\" alt=\"\" width=\"393\" height=\"380\" srcset=\"https:\/\/www.etalagiste.be\/space-pharma\/wp-content\/uploads\/2016\/01\/offre_fr_web.jpg 393w, https:\/\/www.etalagiste.be\/space-pharma\/wp-content\/uploads\/2016\/01\/offre_fr_web-300x290.jpg 300w\" sizes=\"auto, (max-width: 393px) 100vw, 393px\" \/>","protected":false},"excerpt":{"rendered":"<p>UN NOUVEAU CONCEPT D&rsquo;ETALAGES POUR LES PHARMACIES &nbsp; La soci\u00e9t\u00e9 S-PACE vous propose : d&rsquo;accueillir dans vos \u00e9talages, un voire plusieurs pr\u00e9sentoirs lumineux permanents, destin\u00e9s \u00e0 mettre en avant la communication visuelle des produits de dermopharmacie. Un service \u00e9talage complet (3 en 1) 1. Fabrication et mise en place des pr\u00e9sentoirs lumineux dans les vitrines [&hellip;]<\/p>\n","protected":false},"author":1,"featured_media":0,"parent":0,"menu_order":0,"comment_status":"closed","ping_status":"closed","template":"","meta":{"footnotes":""},"class_list":["post-28","page","type-page","status-publish","hentry"],"_links":{"self":[{"href":"https:\/\/www.etalagiste.be\/space-pharma\/wp-json\/wp\/v2\/pages\/28","targetHints":{"allow":["GET"]}}],"collection":[{"href":"https:\/\/www.etalagiste.be\/space-pharma\/wp-json\/wp\/v2\/pages"}],"about":[{"href":"https:\/\/www.etalagiste.be\/space-pharma\/wp-json\/wp\/v2\/types\/page"}],"author":[{"embeddable":true,"href":"https:\/\/www.etalagiste.be\/space-pharma\/wp-json\/wp\/v2\/users\/1"}],"replies":[{"embeddable":true,"href":"https:\/\/www.etalagiste.be\/space-pharma\/wp-json\/wp\/v2\/comments?post=28"}],"version-history":[{"count":92,"href":"https:\/\/www.etalagiste.be\/space-pharma\/wp-json\/wp\/v2\/pages\/28\/revisions"}],"predecessor-version":[{"id":706,"href":"https:\/\/www.etalagiste.be\/space-pharma\/wp-json\/wp\/v2\/pages\/28\/revisions\/706"}],"wp:attachment":[{"href":"https:\/\/www.etalagiste.be\/space-pharma\/wp-json\/wp\/v2\/media?parent=28"}],"curies":[{"name":"wp","href":"https:\/\/api.w.org\/{rel}","templated":true}]}}