{"id":82,"date":"2016-01-25T16:46:10","date_gmt":"2016-01-25T15:46:10","guid":{"rendered":"http:\/\/www.etalagiste.be\/wordpress\/?page_id=82"},"modified":"2016-02-19T16:25:37","modified_gmt":"2016-02-19T15:25:37","slug":"conditions-d-inscription","status":"publish","type":"page","link":"https:\/\/www.etalagiste.be\/space-pharma\/conditions-d-inscription\/?lang=fr","title":{"rendered":"Conditions d&rsquo;inscription"},"content":{"rendered":"La soci\u00e9t\u00e9 S-Pace met \u00e0 disposition de la Pharmacie 1 pr\u00e9sentoir lumineux (dimension H 160 L 90 cm) pour une p\u00e9riode de minimum 24 mois.<\/p>\n<p>La soci\u00e9t\u00e9 S-Pace, propri\u00e9taire du pr\u00e9sentoir, s\u2019engage \u00e0 :<\/p>\n<p>&#8211; organiser la planification des \u00e9talages suivant les accords conclus entre le Pharmacien responsable de l&rsquo;officine et les Laboratoires pharmaceutiques sponsors<br \/>\n&#8211; fabriquer et placer les impressions des visuels et les compl\u00e9ments de d\u00e9coration suivant les guidelines des sponsors<br \/>\n&#8211; proposer \u00e0 la Pharmacie des impressions de visuels sur des th\u00e8mes g\u00e9n\u00e9raux suivant le tarif communiqu\u00e9<br \/>\n&#8211; entretenir le pr\u00e9sentoir s\u2019il pr\u00e9sente un probl\u00e8me technique<\/p>\n<p>Le Pharmacien s\u2019engage \u00e0:<\/p>\n<p>&#8211; maintenir le pr\u00e9sentoir dans sa vitrine pendant une p\u00e9riode de minimum 24 mois<br \/>\n&#8211; g\u00e9rer le mat\u00e9riel en bon p\u00e8re de famille<br \/>\n&#8211; assurer l\u2019exclusivit\u00e9 de la gestion du pr\u00e9sentoir \u00e0 la soci\u00e9t\u00e9 S-Pace<br \/>\n&#8211; respecter le d\u00e9lai de minimum 3 semaines de visibilit\u00e9 pour chaque \u00e9talage sponsoris\u00e9 sans modifier le recto \/ verso impos\u00e9 par le choix des Laboratoires<\/p>\n<p>Si ces engagements mutuels ne sont pas remplis, ou si le visuel du pr\u00e9sentoir n\u2019est pas r\u00e9guli\u00e8rement renouvel\u00e9, la soci\u00e9t\u00e9 S-Pace se r\u00e9serve le droit de reprendre le pr\u00e9sentoir.","protected":false},"excerpt":{"rendered":"<p>La soci\u00e9t\u00e9 S-Pace met \u00e0 disposition de la Pharmacie 1 pr\u00e9sentoir lumineux (dimension H 160 L 90 cm) pour une p\u00e9riode de minimum 24 mois. La soci\u00e9t\u00e9 S-Pace, propri\u00e9taire du pr\u00e9sentoir, s\u2019engage \u00e0 : &#8211; organiser la planification des \u00e9talages suivant les accords conclus entre le Pharmacien responsable de l&rsquo;officine et les Laboratoires pharmaceutiques sponsors [&hellip;]<\/p>\n","protected":false},"author":1,"featured_media":0,"parent":0,"menu_order":0,"comment_status":"closed","ping_status":"closed","template":"","meta":{"footnotes":""},"class_list":["post-82","page","type-page","status-publish","hentry"],"_links":{"self":[{"href":"https:\/\/www.etalagiste.be\/space-pharma\/wp-json\/wp\/v2\/pages\/82","targetHints":{"allow":["GET"]}}],"collection":[{"href":"https:\/\/www.etalagiste.be\/space-pharma\/wp-json\/wp\/v2\/pages"}],"about":[{"href":"https:\/\/www.etalagiste.be\/space-pharma\/wp-json\/wp\/v2\/types\/page"}],"author":[{"embeddable":true,"href":"https:\/\/www.etalagiste.be\/space-pharma\/wp-json\/wp\/v2\/users\/1"}],"replies":[{"embeddable":true,"href":"https:\/\/www.etalagiste.be\/space-pharma\/wp-json\/wp\/v2\/comments?post=82"}],"version-history":[{"count":9,"href":"https:\/\/www.etalagiste.be\/space-pharma\/wp-json\/wp\/v2\/pages\/82\/revisions"}],"predecessor-version":[{"id":347,"href":"https:\/\/www.etalagiste.be\/space-pharma\/wp-json\/wp\/v2\/pages\/82\/revisions\/347"}],"wp:attachment":[{"href":"https:\/\/www.etalagiste.be\/space-pharma\/wp-json\/wp\/v2\/media?parent=82"}],"curies":[{"name":"wp","href":"https:\/\/api.w.org\/{rel}","templated":true}]}}